{"id":489,"date":"2025-09-30T15:01:28","date_gmt":"2025-09-30T12:01:28","guid":{"rendered":"https:\/\/urfaeo.cekodesign.com\/?page_id=489"},"modified":"2025-11-03T09:29:47","modified_gmt":"2025-11-03T06:29:47","slug":"tarihcemiz","status":"publish","type":"page","link":"https:\/\/urfaeo.kolaysoft.com.tr\/index.php\/tarihcemiz\/","title":{"rendered":"Tarih\u00e7emiz"},"content":{"rendered":"\t\t<div data-elementor-type=\"wp-page\" data-elementor-id=\"489\" class=\"elementor elementor-489\" data-elementor-post-type=\"page\">\n\t\t\t\t<div class=\"elementor-element elementor-element-092564f e-flex e-con-boxed wpr-particle-no wpr-jarallax-no wpr-parallax-no wpr-sticky-section-no wpr-equal-height-no e-con e-parent\" data-id=\"092564f\" data-element_type=\"container\" data-settings=\"{&quot;background_background&quot;:&quot;slideshow&quot;,&quot;background_slideshow_gallery&quot;:[{&quot;id&quot;:1666,&quot;url&quot;:&quot;https:\\\/\\\/urfaeo.cekodesign.com\\\/wp-content\\\/uploads\\\/2025\\\/10\\\/oda.jpg&quot;}],&quot;shape_divider_bottom&quot;:&quot;mountains&quot;,&quot;background_slideshow_loop&quot;:&quot;yes&quot;,&quot;background_slideshow_slide_duration&quot;:5000,&quot;background_slideshow_slide_transition&quot;:&quot;fade&quot;,&quot;background_slideshow_transition_duration&quot;:500}\">\n\t\t\t\t\t<div class=\"e-con-inner\">\n\t\t\t\t<div class=\"elementor-shape elementor-shape-bottom\" aria-hidden=\"true\" data-negative=\"false\">\n\t\t\t<svg xmlns=\"http:\/\/www.w3.org\/2000\/svg\" viewBox=\"0 0 1000 100\" preserveAspectRatio=\"none\">\n\t<path class=\"elementor-shape-fill\" opacity=\"0.33\" d=\"M473,67.3c-203.9,88.3-263.1-34-320.3,0C66,119.1,0,59.7,0,59.7V0h1000v59.7 c0,0-62.1,26.1-94.9,29.3c-32.8,3.3-62.8-12.3-75.8-22.1C806,49.6,745.3,8.7,694.9,4.7S492.4,59,473,67.3z\"\/>\n\t<path class=\"elementor-shape-fill\" opacity=\"0.66\" d=\"M734,67.3c-45.5,0-77.2-23.2-129.1-39.1c-28.6-8.7-150.3-10.1-254,39.1 s-91.7-34.4-149.2,0C115.7,118.3,0,39.8,0,39.8V0h1000v36.5c0,0-28.2-18.5-92.1-18.5C810.2,18.1,775.7,67.3,734,67.3z\"\/>\n\t<path class=\"elementor-shape-fill\" d=\"M766.1,28.9c-200-57.5-266,65.5-395.1,19.5C242,1.8,242,5.4,184.8,20.6C128,35.8,132.3,44.9,89.9,52.5C28.6,63.7,0,0,0,0 h1000c0,0-9.9,40.9-83.6,48.1S829.6,47,766.1,28.9z\"\/>\n<\/svg>\t\t<\/div>\n\t\t\t\t\t<\/div>\n\t\t\t\t<\/div>\n\t\t<div class=\"elementor-element elementor-element-dbdccb3 e-flex e-con-boxed wpr-particle-no wpr-jarallax-no wpr-parallax-no wpr-sticky-section-no wpr-equal-height-no e-con e-parent\" data-id=\"dbdccb3\" data-element_type=\"container\">\n\t\t\t\t\t<div class=\"e-con-inner\">\n\t\t\t\t<div class=\"elementor-element elementor-element-93ba928 elementor-widget elementor-widget-heading\" data-id=\"93ba928\" data-element_type=\"widget\" data-widget_type=\"heading.default\">\n\t\t\t\t\t<h2 class=\"elementor-heading-title elementor-size-default\">Kurulu\u015f<\/h2>\t\t\t\t<\/div>\n\t\t\t\t<div class=\"elementor-element elementor-element-bd42ab6 elementor-widget elementor-widget-text-editor\" data-id=\"bd42ab6\" data-element_type=\"widget\" data-widget_type=\"text-editor.default\">\n\t\t\t\t\t\t\t\t\t<p>Gaziantep Eczac\u0131 Odas\u0131na ba\u011fl\u0131 olan \u015eanl\u0131urfa ve Mardin eczac\u0131lar\u0131n\u0131n Merkez Heyetine yapm\u0131\u015f oldu\u011fu ba\u015fvuru sonucunda \u00f6nce Diyarbak\u0131r Eczac\u0131 Odas\u0131na ba\u011flanm\u0131\u015f, daha sonra Ecz. Ne\u015fet U\u00e7kan, Ecz. H\u00fcseyin Rabi Ural, Ecz. Ahmet Ulugerger, Ecz. Aziz Aslan ve Ecz. Cihat Yetkin&#8217;den olu\u015fan m\u00fcte\u015febbis heyetinin \u00e7abalar\u0131yla 20.09.1982 tarihinde \u015eanl\u0131urfa Eczac\u0131 Odas\u0131 kurulmu\u015ftur.<\/p>\t\t\t\t\t\t\t\t<\/div>\n\t\t\t\t<div class=\"elementor-element elementor-element-d9917ef elementor-widget elementor-widget-heading\" data-id=\"d9917ef\" data-element_type=\"widget\" data-widget_type=\"heading.default\">\n\t\t\t\t\t<h2 class=\"elementor-heading-title elementor-size-default\">\u0130lk Eczaneler<\/h2>\t\t\t\t<\/div>\n\t\t\t\t<div class=\"elementor-element elementor-element-6d6c769 elementor-widget elementor-widget-text-editor\" data-id=\"6d6c769\" data-element_type=\"widget\" data-widget_type=\"text-editor.default\">\n\t\t\t\t\t\t\t\t\t<p>B\u00f6lgenin eczac\u0131l\u0131k tarihi hakk\u0131nda resmi belgeler olmamas\u0131na ra\u011fmen dilden dile kulaktan kula\u011fa gelen bilgiler vard\u0131r. Harran \u00dcniversitesi&#8217;nin D\u00fcnyan\u0131n ilk \u00fcniversitesi oldu\u011fu, zaman\u0131nda bir g\u00fcne\u015f gibi d\u00fcnyay\u0131 ayd\u0131nlatt\u0131\u011f\u0131 bilinmektedir. \u015eu an bile D\u00fcnya&#8217;n\u0131n en geli\u015fmi\u015f \u00fcniversitelerinde bile Harran \u00dcniversitesi&#8217;nin kal\u0131nt\u0131lar\u0131yla ders verdi\u011fi s\u00f6ylenmektedir. Eczac\u0131 ve Eczane yokken arif (bilgi\u00e7) denen zaman\u0131n ayd\u0131n insanlar\u0131 taraf\u0131ndan aktarlardan veya do\u011fadaki bitkilerden uzun s\u00fcre faydalan\u0131lm\u0131\u015ft\u0131r. Daha sonra eczaneler a\u00e7\u0131lm\u0131\u015f ve topluma ila\u00e7lar\u0131n temini i\u00e7in farkl\u0131 bir hizmet sunulmu\u015ftur. \u015eanl\u0131urfa&#8217;da a\u00e7\u0131lan ilk eczaneler s\u0131ras\u0131yla \u015funlard\u0131r:<\/p><ul><li>Ecz. Zeki Anla\u011fan Eczanesi, eski postane biti\u015fi\u011finde, eczanenin giri\u015f kap\u0131s\u0131nda boncuklar sark\u0131t\u0131ld\u0131\u011f\u0131 i\u00e7in halk aras\u0131nda Boncuklu Eczane diye \u00fcn yapm\u0131\u015ft\u0131r.<\/li><li>Ecz. Veysi Nural Eczanesi<\/li><li>Ecz. Musa Kaz\u0131m Eczanesi<\/li><\/ul>\t\t\t\t\t\t\t\t<\/div>\n\t\t\t\t\t<\/div>\n\t\t\t\t<\/div>\n\t\t<div class=\"elementor-element elementor-element-6da7e36 e-flex e-con-boxed wpr-particle-no wpr-jarallax-no wpr-parallax-no wpr-sticky-section-no wpr-equal-height-no e-con e-parent\" data-id=\"6da7e36\" data-element_type=\"container\">\n\t\t\t\t\t<div class=\"e-con-inner\">\n\t\t\t\t\t<\/div>\n\t\t\t\t<\/div>\n\t\t\t\t<\/div>\n\t\t","protected":false},"excerpt":{"rendered":"<p>Kurulu\u015f Gaziantep Eczac\u0131 Odas\u0131na ba\u011fl\u0131 olan \u015eanl\u0131urfa ve Mardin eczac\u0131lar\u0131n\u0131n Merkez Heyetine yapm\u0131\u015f oldu\u011fu ba\u015fvuru sonucunda \u00f6nce Diyarbak\u0131r Eczac\u0131 Odas\u0131na ba\u011flanm\u0131\u015f, daha sonra Ecz. Ne\u015fet U\u00e7kan, Ecz. H\u00fcseyin Rabi Ural, Ecz. Ahmet Ulugerger, Ecz. Aziz Aslan ve Ecz. Cihat Yetkin&#8217;den olu\u015fan m\u00fcte\u015febbis heyetinin \u00e7abalar\u0131yla 20.09.1982 tarihinde \u015eanl\u0131urfa Eczac\u0131 Odas\u0131 kurulmu\u015ftur. \u0130lk Eczaneler B\u00f6lgenin eczac\u0131l\u0131k tarihi hakk\u0131nda resmi belgeler olmamas\u0131na ra\u011fmen dilden dile kulaktan kula\u011fa gelen bilgiler vard\u0131r. Harran \u00dcniversitesi&#8217;nin D\u00fcnyan\u0131n ilk \u00fcniversitesi oldu\u011fu, zaman\u0131nda bir g\u00fcne\u015f gibi d\u00fcnyay\u0131 ayd\u0131nlatt\u0131\u011f\u0131 bilinmektedir. \u015eu an bile D\u00fcnya&#8217;n\u0131n en geli\u015fmi\u015f \u00fcniversitelerinde bile Harran \u00dcniversitesi&#8217;nin kal\u0131nt\u0131lar\u0131yla ders verdi\u011fi s\u00f6ylenmektedir. Eczac\u0131 ve Eczane yokken arif (bilgi\u00e7) denen zaman\u0131n ayd\u0131n insanlar\u0131 taraf\u0131ndan aktarlardan veya do\u011fadaki bitkilerden uzun s\u00fcre faydalan\u0131lm\u0131\u015ft\u0131r. Daha sonra eczaneler a\u00e7\u0131lm\u0131\u015f ve topluma ila\u00e7lar\u0131n temini i\u00e7in farkl\u0131 bir hizmet sunulmu\u015ftur. \u015eanl\u0131urfa&#8217;da a\u00e7\u0131lan ilk eczaneler s\u0131ras\u0131yla \u015funlard\u0131r: Ecz. Zeki Anla\u011fan Eczanesi, eski postane biti\u015fi\u011finde, eczanenin giri\u015f kap\u0131s\u0131nda boncuklar sark\u0131t\u0131ld\u0131\u011f\u0131 i\u00e7in halk aras\u0131nda Boncuklu Eczane diye \u00fcn yapm\u0131\u015ft\u0131r. Ecz. Veysi Nural Eczanesi Ecz. Musa Kaz\u0131m Eczanesi<\/p>\n","protected":false},"author":1,"featured_media":0,"parent":0,"menu_order":0,"comment_status":"closed","ping_status":"closed","template":"elementor_canvas","meta":{"footnotes":""},"class_list":["post-489","page","type-page","status-publish","hentry"],"yoast_head":"<!-- This site is optimized with the Yoast SEO plugin v27.4 - https:\/\/yoast.com\/product\/yoast-seo-wordpress\/ -->\n<title>Tarih\u00e7emiz - \u015eanl\u0131urfa Eczac\u0131 Odas\u0131<\/title>\n<meta name=\"robots\" content=\"index, follow, max-snippet:-1, max-image-preview:large, max-video-preview:-1\" \/>\n<link rel=\"canonical\" href=\"https:\/\/urfaeo.kolaysoft.com.tr\/index.php\/tarihcemiz\/\" \/>\n<meta property=\"og:locale\" content=\"tr_TR\" \/>\n<meta property=\"og:type\" content=\"article\" \/>\n<meta property=\"og:title\" content=\"Tarih\u00e7emiz - \u015eanl\u0131urfa Eczac\u0131 Odas\u0131\" \/>\n<meta property=\"og:description\" content=\"Kurulu\u015f Gaziantep Eczac\u0131 Odas\u0131na ba\u011fl\u0131 olan \u015eanl\u0131urfa ve Mardin eczac\u0131lar\u0131n\u0131n Merkez Heyetine yapm\u0131\u015f oldu\u011fu ba\u015fvuru sonucunda \u00f6nce Diyarbak\u0131r Eczac\u0131 Odas\u0131na ba\u011flanm\u0131\u015f, daha sonra Ecz. Ne\u015fet U\u00e7kan, Ecz. H\u00fcseyin Rabi Ural, Ecz. Ahmet Ulugerger, Ecz. Aziz Aslan ve Ecz. Cihat Yetkin&#8217;den olu\u015fan m\u00fcte\u015febbis heyetinin \u00e7abalar\u0131yla 20.09.1982 tarihinde \u015eanl\u0131urfa Eczac\u0131 Odas\u0131 kurulmu\u015ftur. \u0130lk Eczaneler B\u00f6lgenin eczac\u0131l\u0131k tarihi hakk\u0131nda resmi belgeler olmamas\u0131na ra\u011fmen dilden dile kulaktan kula\u011fa gelen bilgiler vard\u0131r. Harran \u00dcniversitesi&#8217;nin D\u00fcnyan\u0131n ilk \u00fcniversitesi oldu\u011fu, zaman\u0131nda bir g\u00fcne\u015f gibi d\u00fcnyay\u0131 ayd\u0131nlatt\u0131\u011f\u0131 bilinmektedir. \u015eu an bile D\u00fcnya&#8217;n\u0131n en geli\u015fmi\u015f \u00fcniversitelerinde bile Harran \u00dcniversitesi&#8217;nin kal\u0131nt\u0131lar\u0131yla ders verdi\u011fi s\u00f6ylenmektedir. Eczac\u0131 ve Eczane yokken arif (bilgi\u00e7) denen zaman\u0131n ayd\u0131n insanlar\u0131 taraf\u0131ndan aktarlardan veya do\u011fadaki bitkilerden uzun s\u00fcre faydalan\u0131lm\u0131\u015ft\u0131r. Daha sonra eczaneler a\u00e7\u0131lm\u0131\u015f ve topluma ila\u00e7lar\u0131n temini i\u00e7in farkl\u0131 bir hizmet sunulmu\u015ftur. \u015eanl\u0131urfa&#8217;da a\u00e7\u0131lan ilk eczaneler s\u0131ras\u0131yla \u015funlard\u0131r: Ecz. Zeki Anla\u011fan Eczanesi, eski postane biti\u015fi\u011finde, eczanenin giri\u015f kap\u0131s\u0131nda boncuklar sark\u0131t\u0131ld\u0131\u011f\u0131 i\u00e7in halk aras\u0131nda Boncuklu Eczane diye \u00fcn yapm\u0131\u015ft\u0131r. Ecz. Veysi Nural Eczanesi Ecz. Musa Kaz\u0131m Eczanesi\" \/>\n<meta property=\"og:url\" content=\"https:\/\/urfaeo.kolaysoft.com.tr\/index.php\/tarihcemiz\/\" \/>\n<meta property=\"og:site_name\" content=\"\u015eanl\u0131urfa Eczac\u0131 Odas\u0131\" \/>\n<meta property=\"article:modified_time\" content=\"2025-11-03T06:29:47+00:00\" \/>\n<meta name=\"twitter:card\" content=\"summary_large_image\" \/>\n<meta name=\"twitter:label1\" content=\"Tahmini okuma s\u00fcresi\" \/>\n\t<meta name=\"twitter:data1\" content=\"1 dakika\" \/>\n<script type=\"application\/ld+json\" class=\"yoast-schema-graph\">{\"@context\":\"https:\\\/\\\/schema.org\",\"@graph\":[{\"@type\":\"WebPage\",\"@id\":\"https:\\\/\\\/urfaeo.kolaysoft.com.tr\\\/index.php\\\/tarihcemiz\\\/\",\"url\":\"https:\\\/\\\/urfaeo.kolaysoft.com.tr\\\/index.php\\\/tarihcemiz\\\/\",\"name\":\"Tarih\u00e7emiz - \u015eanl\u0131urfa Eczac\u0131 Odas\u0131\",\"isPartOf\":{\"@id\":\"https:\\\/\\\/urfaeo.kolaysoft.com.tr\\\/#website\"},\"datePublished\":\"2025-09-30T12:01:28+00:00\",\"dateModified\":\"2025-11-03T06:29:47+00:00\",\"breadcrumb\":{\"@id\":\"https:\\\/\\\/urfaeo.kolaysoft.com.tr\\\/index.php\\\/tarihcemiz\\\/#breadcrumb\"},\"inLanguage\":\"tr\",\"potentialAction\":[{\"@type\":\"ReadAction\",\"target\":[\"https:\\\/\\\/urfaeo.kolaysoft.com.tr\\\/index.php\\\/tarihcemiz\\\/\"]}]},{\"@type\":\"BreadcrumbList\",\"@id\":\"https:\\\/\\\/urfaeo.kolaysoft.com.tr\\\/index.php\\\/tarihcemiz\\\/#breadcrumb\",\"itemListElement\":[{\"@type\":\"ListItem\",\"position\":1,\"name\":\"Anasayfa\",\"item\":\"https:\\\/\\\/urfaeo.kolaysoft.com.tr\\\/\"},{\"@type\":\"ListItem\",\"position\":2,\"name\":\"Tarih\u00e7emiz\"}]},{\"@type\":\"WebSite\",\"@id\":\"https:\\\/\\\/urfaeo.kolaysoft.com.tr\\\/#website\",\"url\":\"https:\\\/\\\/urfaeo.kolaysoft.com.tr\\\/\",\"name\":\"\u015eanl\u0131urfa Eczac\u0131 Odas\u0131\",\"description\":\"\",\"publisher\":{\"@id\":\"https:\\\/\\\/urfaeo.kolaysoft.com.tr\\\/#organization\"},\"potentialAction\":[{\"@type\":\"SearchAction\",\"target\":{\"@type\":\"EntryPoint\",\"urlTemplate\":\"https:\\\/\\\/urfaeo.kolaysoft.com.tr\\\/?s={search_term_string}\"},\"query-input\":{\"@type\":\"PropertyValueSpecification\",\"valueRequired\":true,\"valueName\":\"search_term_string\"}}],\"inLanguage\":\"tr\"},{\"@type\":\"Organization\",\"@id\":\"https:\\\/\\\/urfaeo.kolaysoft.com.tr\\\/#organization\",\"name\":\"\u015eanl\u0131urfa Eczac\u0131 Odas\u0131\",\"url\":\"https:\\\/\\\/urfaeo.kolaysoft.com.tr\\\/\",\"logo\":{\"@type\":\"ImageObject\",\"inLanguage\":\"tr\",\"@id\":\"https:\\\/\\\/urfaeo.kolaysoft.com.tr\\\/#\\\/schema\\\/logo\\\/image\\\/\",\"url\":\"https:\\\/\\\/urfaeo.kolaysoft.com.tr\\\/wp-content\\\/uploads\\\/2025\\\/09\\\/22022021211638-19929-73208.png\",\"contentUrl\":\"https:\\\/\\\/urfaeo.kolaysoft.com.tr\\\/wp-content\\\/uploads\\\/2025\\\/09\\\/22022021211638-19929-73208.png\",\"width\":635,\"height\":635,\"caption\":\"\u015eanl\u0131urfa Eczac\u0131 Odas\u0131\"},\"image\":{\"@id\":\"https:\\\/\\\/urfaeo.kolaysoft.com.tr\\\/#\\\/schema\\\/logo\\\/image\\\/\"}}]}<\/script>\n<!-- \/ Yoast SEO plugin. -->","yoast_head_json":{"title":"Tarih\u00e7emiz - \u015eanl\u0131urfa Eczac\u0131 Odas\u0131","robots":{"index":"index","follow":"follow","max-snippet":"max-snippet:-1","max-image-preview":"max-image-preview:large","max-video-preview":"max-video-preview:-1"},"canonical":"https:\/\/urfaeo.kolaysoft.com.tr\/index.php\/tarihcemiz\/","og_locale":"tr_TR","og_type":"article","og_title":"Tarih\u00e7emiz - \u015eanl\u0131urfa Eczac\u0131 Odas\u0131","og_description":"Kurulu\u015f Gaziantep Eczac\u0131 Odas\u0131na ba\u011fl\u0131 olan \u015eanl\u0131urfa ve Mardin eczac\u0131lar\u0131n\u0131n Merkez Heyetine yapm\u0131\u015f oldu\u011fu ba\u015fvuru sonucunda \u00f6nce Diyarbak\u0131r Eczac\u0131 Odas\u0131na ba\u011flanm\u0131\u015f, daha sonra Ecz. Ne\u015fet U\u00e7kan, Ecz. H\u00fcseyin Rabi Ural, Ecz. Ahmet Ulugerger, Ecz. Aziz Aslan ve Ecz. Cihat Yetkin&#8217;den olu\u015fan m\u00fcte\u015febbis heyetinin \u00e7abalar\u0131yla 20.09.1982 tarihinde \u015eanl\u0131urfa Eczac\u0131 Odas\u0131 kurulmu\u015ftur. \u0130lk Eczaneler B\u00f6lgenin eczac\u0131l\u0131k tarihi hakk\u0131nda resmi belgeler olmamas\u0131na ra\u011fmen dilden dile kulaktan kula\u011fa gelen bilgiler vard\u0131r. Harran \u00dcniversitesi&#8217;nin D\u00fcnyan\u0131n ilk \u00fcniversitesi oldu\u011fu, zaman\u0131nda bir g\u00fcne\u015f gibi d\u00fcnyay\u0131 ayd\u0131nlatt\u0131\u011f\u0131 bilinmektedir. \u015eu an bile D\u00fcnya&#8217;n\u0131n en geli\u015fmi\u015f \u00fcniversitelerinde bile Harran \u00dcniversitesi&#8217;nin kal\u0131nt\u0131lar\u0131yla ders verdi\u011fi s\u00f6ylenmektedir. Eczac\u0131 ve Eczane yokken arif (bilgi\u00e7) denen zaman\u0131n ayd\u0131n insanlar\u0131 taraf\u0131ndan aktarlardan veya do\u011fadaki bitkilerden uzun s\u00fcre faydalan\u0131lm\u0131\u015ft\u0131r. Daha sonra eczaneler a\u00e7\u0131lm\u0131\u015f ve topluma ila\u00e7lar\u0131n temini i\u00e7in farkl\u0131 bir hizmet sunulmu\u015ftur. \u015eanl\u0131urfa&#8217;da a\u00e7\u0131lan ilk eczaneler s\u0131ras\u0131yla \u015funlard\u0131r: Ecz. Zeki Anla\u011fan Eczanesi, eski postane biti\u015fi\u011finde, eczanenin giri\u015f kap\u0131s\u0131nda boncuklar sark\u0131t\u0131ld\u0131\u011f\u0131 i\u00e7in halk aras\u0131nda Boncuklu Eczane diye \u00fcn yapm\u0131\u015ft\u0131r. Ecz. Veysi Nural Eczanesi Ecz. Musa Kaz\u0131m Eczanesi","og_url":"https:\/\/urfaeo.kolaysoft.com.tr\/index.php\/tarihcemiz\/","og_site_name":"\u015eanl\u0131urfa Eczac\u0131 Odas\u0131","article_modified_time":"2025-11-03T06:29:47+00:00","twitter_card":"summary_large_image","twitter_misc":{"Tahmini okuma s\u00fcresi":"1 dakika"},"schema":{"@context":"https:\/\/schema.org","@graph":[{"@type":"WebPage","@id":"https:\/\/urfaeo.kolaysoft.com.tr\/index.php\/tarihcemiz\/","url":"https:\/\/urfaeo.kolaysoft.com.tr\/index.php\/tarihcemiz\/","name":"Tarih\u00e7emiz - \u015eanl\u0131urfa Eczac\u0131 Odas\u0131","isPartOf":{"@id":"https:\/\/urfaeo.kolaysoft.com.tr\/#website"},"datePublished":"2025-09-30T12:01:28+00:00","dateModified":"2025-11-03T06:29:47+00:00","breadcrumb":{"@id":"https:\/\/urfaeo.kolaysoft.com.tr\/index.php\/tarihcemiz\/#breadcrumb"},"inLanguage":"tr","potentialAction":[{"@type":"ReadAction","target":["https:\/\/urfaeo.kolaysoft.com.tr\/index.php\/tarihcemiz\/"]}]},{"@type":"BreadcrumbList","@id":"https:\/\/urfaeo.kolaysoft.com.tr\/index.php\/tarihcemiz\/#breadcrumb","itemListElement":[{"@type":"ListItem","position":1,"name":"Anasayfa","item":"https:\/\/urfaeo.kolaysoft.com.tr\/"},{"@type":"ListItem","position":2,"name":"Tarih\u00e7emiz"}]},{"@type":"WebSite","@id":"https:\/\/urfaeo.kolaysoft.com.tr\/#website","url":"https:\/\/urfaeo.kolaysoft.com.tr\/","name":"\u015eanl\u0131urfa Eczac\u0131 Odas\u0131","description":"","publisher":{"@id":"https:\/\/urfaeo.kolaysoft.com.tr\/#organization"},"potentialAction":[{"@type":"SearchAction","target":{"@type":"EntryPoint","urlTemplate":"https:\/\/urfaeo.kolaysoft.com.tr\/?s={search_term_string}"},"query-input":{"@type":"PropertyValueSpecification","valueRequired":true,"valueName":"search_term_string"}}],"inLanguage":"tr"},{"@type":"Organization","@id":"https:\/\/urfaeo.kolaysoft.com.tr\/#organization","name":"\u015eanl\u0131urfa Eczac\u0131 Odas\u0131","url":"https:\/\/urfaeo.kolaysoft.com.tr\/","logo":{"@type":"ImageObject","inLanguage":"tr","@id":"https:\/\/urfaeo.kolaysoft.com.tr\/#\/schema\/logo\/image\/","url":"https:\/\/urfaeo.kolaysoft.com.tr\/wp-content\/uploads\/2025\/09\/22022021211638-19929-73208.png","contentUrl":"https:\/\/urfaeo.kolaysoft.com.tr\/wp-content\/uploads\/2025\/09\/22022021211638-19929-73208.png","width":635,"height":635,"caption":"\u015eanl\u0131urfa Eczac\u0131 Odas\u0131"},"image":{"@id":"https:\/\/urfaeo.kolaysoft.com.tr\/#\/schema\/logo\/image\/"}}]}},"acf":[],"_links":{"self":[{"href":"https:\/\/urfaeo.kolaysoft.com.tr\/index.php\/wp-json\/wp\/v2\/pages\/489","targetHints":{"allow":["GET"]}}],"collection":[{"href":"https:\/\/urfaeo.kolaysoft.com.tr\/index.php\/wp-json\/wp\/v2\/pages"}],"about":[{"href":"https:\/\/urfaeo.kolaysoft.com.tr\/index.php\/wp-json\/wp\/v2\/types\/page"}],"author":[{"embeddable":true,"href":"https:\/\/urfaeo.kolaysoft.com.tr\/index.php\/wp-json\/wp\/v2\/users\/1"}],"replies":[{"embeddable":true,"href":"https:\/\/urfaeo.kolaysoft.com.tr\/index.php\/wp-json\/wp\/v2\/comments?post=489"}],"version-history":[{"count":38,"href":"https:\/\/urfaeo.kolaysoft.com.tr\/index.php\/wp-json\/wp\/v2\/pages\/489\/revisions"}],"predecessor-version":[{"id":1782,"href":"https:\/\/urfaeo.kolaysoft.com.tr\/index.php\/wp-json\/wp\/v2\/pages\/489\/revisions\/1782"}],"wp:attachment":[{"href":"https:\/\/urfaeo.kolaysoft.com.tr\/index.php\/wp-json\/wp\/v2\/media?parent=489"}],"curies":[{"name":"wp","href":"https:\/\/api.w.org\/{rel}","templated":true}]}}