{"id":496,"date":"2025-09-30T15:13:56","date_gmt":"2025-09-30T12:13:56","guid":{"rendered":"https:\/\/urfaeo.cekodesign.com\/?page_id=496"},"modified":"2025-11-05T11:12:30","modified_gmt":"2025-11-05T08:12:30","slug":"misyonumuz-vizyonumuz","status":"publish","type":"page","link":"https:\/\/urfaeo.kolaysoft.com.tr\/index.php\/misyonumuz-vizyonumuz\/","title":{"rendered":"Misyonumuz, Vizyonumuz"},"content":{"rendered":"\t\t<div data-elementor-type=\"wp-page\" data-elementor-id=\"496\" class=\"elementor elementor-496\" data-elementor-post-type=\"page\">\n\t\t\t\t<div class=\"elementor-element elementor-element-77f61e1 e-flex e-con-boxed wpr-particle-no wpr-jarallax-no wpr-parallax-no wpr-sticky-section-no wpr-equal-height-no e-con e-parent\" data-id=\"77f61e1\" data-element_type=\"container\">\n\t\t\t\t\t<div class=\"e-con-inner\">\n\t\t\t\t<div class=\"elementor-element elementor-element-89862a1 elementor-widget elementor-widget-image\" data-id=\"89862a1\" data-element_type=\"widget\" data-widget_type=\"image.default\">\n\t\t\t\t\t\t\t\t\t\t\t\t\t\t\t<img fetchpriority=\"high\" decoding=\"async\" width=\"960\" height=\"474\" src=\"https:\/\/urfaeo.kolaysoft.com.tr\/wp-content\/uploads\/2025\/09\/gorsel-1024x506.png\" class=\"attachment-large size-large wp-image-301\" alt=\"\" srcset=\"https:\/\/urfaeo.kolaysoft.com.tr\/wp-content\/uploads\/2025\/09\/gorsel-1024x506.png 1024w, https:\/\/urfaeo.kolaysoft.com.tr\/wp-content\/uploads\/2025\/09\/gorsel-300x148.png 300w, https:\/\/urfaeo.kolaysoft.com.tr\/wp-content\/uploads\/2025\/09\/gorsel-768x379.png 768w, https:\/\/urfaeo.kolaysoft.com.tr\/wp-content\/uploads\/2025\/09\/gorsel.png 1215w\" sizes=\"(max-width: 960px) 100vw, 960px\" \/>\t\t\t\t\t\t\t\t\t\t\t\t\t\t\t<\/div>\n\t\t\t\t<div class=\"elementor-element elementor-element-3a19403 elementor-widget elementor-widget-text-editor\" data-id=\"3a19403\" data-element_type=\"widget\" data-widget_type=\"text-editor.default\">\n\t\t\t\t\t\t\t\t\t<p><em><strong>\u015eANLIURFA ECZACI ODASI<\/strong><\/em> olarak;<\/p>\t\t\t\t\t\t\t\t<\/div>\n\t\t\t\t<div class=\"elementor-element elementor-element-88605dd elementor-widget elementor-widget-heading\" data-id=\"88605dd\" data-element_type=\"widget\" data-widget_type=\"heading.default\">\n\t\t\t\t\t<h2 class=\"elementor-heading-title elementor-size-default\">Misyonumuz<\/h2>\t\t\t\t<\/div>\n\t\t\t\t<div class=\"elementor-element elementor-element-fd83b78 elementor-widget-divider--view-line elementor-widget elementor-widget-divider\" data-id=\"fd83b78\" data-element_type=\"widget\" data-widget_type=\"divider.default\">\n\t\t\t\t\t\t\t<div class=\"elementor-divider\">\n\t\t\t<span class=\"elementor-divider-separator\">\n\t\t\t\t\t\t<\/span>\n\t\t<\/div>\n\t\t\t\t\t\t<\/div>\n\t\t\t\t<div class=\"elementor-element elementor-element-7b1afb2 elementor-widget elementor-widget-text-editor\" data-id=\"7b1afb2\" data-element_type=\"widget\" data-widget_type=\"text-editor.default\">\n\t\t\t\t\t\t\t\t\t<p><em>Eczac\u0131n\u0131n sosyal, ekonomik, bilimsel geli\u015fimini sa\u011flamak ve haklar\u0131n\u0131 korumak, akademik tan\u0131ma uygun, eksiksiz eczac\u0131l\u0131k hizmetlerinin verilmesini ger\u00e7ekle\u015ftirmek, toplum \u00e7\u0131karlar\u0131n\u0131 koruyacak politikalar\u0131n olu\u015fturulmas\u0131na katk\u0131 vermektir.<\/em><\/p>\t\t\t\t\t\t\t\t<\/div>\n\t\t\t\t<div class=\"elementor-element elementor-element-5d4bc25 elementor-widget elementor-widget-spacer\" data-id=\"5d4bc25\" data-element_type=\"widget\" data-widget_type=\"spacer.default\">\n\t\t\t\t\t\t\t<div class=\"elementor-spacer\">\n\t\t\t<div class=\"elementor-spacer-inner\"><\/div>\n\t\t<\/div>\n\t\t\t\t\t\t<\/div>\n\t\t\t\t\t<\/div>\n\t\t\t\t<\/div>\n\t\t<div class=\"elementor-element elementor-element-706c822 e-flex e-con-boxed wpr-particle-no wpr-jarallax-no wpr-parallax-no wpr-sticky-section-no wpr-equal-height-no e-con e-parent\" data-id=\"706c822\" data-element_type=\"container\">\n\t\t\t\t\t<div class=\"e-con-inner\">\n\t\t\t\t<div class=\"elementor-element elementor-element-43015a5 elementor-widget elementor-widget-heading\" data-id=\"43015a5\" data-element_type=\"widget\" data-widget_type=\"heading.default\">\n\t\t\t\t\t<h2 class=\"elementor-heading-title elementor-size-default\">Vizyonumuz<\/h2>\t\t\t\t<\/div>\n\t\t\t\t<div class=\"elementor-element elementor-element-d6a67bc elementor-widget-divider--view-line elementor-widget elementor-widget-divider\" data-id=\"d6a67bc\" data-element_type=\"widget\" data-widget_type=\"divider.default\">\n\t\t\t\t\t\t\t<div class=\"elementor-divider\">\n\t\t\t<span class=\"elementor-divider-separator\">\n\t\t\t\t\t\t<\/span>\n\t\t<\/div>\n\t\t\t\t\t\t<\/div>\n\t\t\t\t<div class=\"elementor-element elementor-element-ae31ee7 elementor-widget elementor-widget-text-editor\" data-id=\"ae31ee7\" data-element_type=\"widget\" data-widget_type=\"text-editor.default\">\n\t\t\t\t\t\t\t\t\t<p><em>\u00c7a\u011fda\u015f d\u00fczeyde bir eczac\u0131 profili ile herkesin, etkin, g\u00fcvenli ve kesintisiz sa\u011fl\u0131k hizmetine ula\u015fmas\u0131n\u0131 sa\u011flamakt\u0131r.<\/em><\/p>\t\t\t\t\t\t\t\t<\/div>\n\t\t\t\t<div class=\"elementor-element elementor-element-430cff0 elementor-widget elementor-widget-spacer\" data-id=\"430cff0\" data-element_type=\"widget\" data-widget_type=\"spacer.default\">\n\t\t\t\t\t\t\t<div class=\"elementor-spacer\">\n\t\t\t<div class=\"elementor-spacer-inner\"><\/div>\n\t\t<\/div>\n\t\t\t\t\t\t<\/div>\n\t\t\t\t\t<\/div>\n\t\t\t\t<\/div>\n\t\t<div class=\"elementor-element elementor-element-73b5637 e-flex e-con-boxed wpr-particle-no wpr-jarallax-no wpr-parallax-no wpr-sticky-section-no wpr-equal-height-no e-con e-parent\" data-id=\"73b5637\" data-element_type=\"container\">\n\t\t\t\t\t<div class=\"e-con-inner\">\n\t\t\t\t<div class=\"elementor-element elementor-element-5c015e9 elementor-widget elementor-widget-heading\" data-id=\"5c015e9\" data-element_type=\"widget\" data-widget_type=\"heading.default\">\n\t\t\t\t\t<h2 class=\"elementor-heading-title elementor-size-default\">De\u011ferlerimiz<\/h2>\t\t\t\t<\/div>\n\t\t\t\t<div class=\"elementor-element elementor-element-ee2e558 elementor-widget-divider--view-line elementor-widget elementor-widget-divider\" data-id=\"ee2e558\" data-element_type=\"widget\" data-widget_type=\"divider.default\">\n\t\t\t\t\t\t\t<div class=\"elementor-divider\">\n\t\t\t<span class=\"elementor-divider-separator\">\n\t\t\t\t\t\t<\/span>\n\t\t<\/div>\n\t\t\t\t\t\t<\/div>\n\t\t\t\t<div class=\"elementor-element elementor-element-214b832 elementor-widget elementor-widget-text-editor\" data-id=\"214b832\" data-element_type=\"widget\" data-widget_type=\"text-editor.default\">\n\t\t\t\t\t\t\t\t\t<p><em>\u015eanl\u0131urfa Eczac\u0131 Odas\u0131,<\/em><\/p><ul><li><em>D\u00fcnya bar\u0131\u015f\u0131na, insan haklar\u0131na, evrensel demokrasi ve hukuka, d\u00fcnya kaynaklar\u0131n\u0131n adil payla\u015f\u0131m\u0131na inan\u0131r, k\u00fcresel \u00e7\u00f6z\u00fcmlerin \u00fcretilmesini destekler.<\/em><\/li><li><em>\u00c7a\u011fda\u015f, laik, demokratik, sosyal hukuk devletine ve Atat\u00fcrk ilkelerine ba\u011fl\u0131d\u0131r.<\/em><\/li><li><em>Sosyal devlet anlay\u0131\u015f\u0131n\u0131 benimser.<\/em><\/li><li><em>Ulusal \u00e7\u0131karlar\u0131 g\u00f6zetir.<\/em><\/li><li><em>Bilimin \u0131\u015f\u0131\u011f\u0131nda hareket eder.<\/em><\/li><li><em>Geli\u015fime a\u00e7\u0131kt\u0131r.<\/em><\/li><li><em>Toplumun \u00e7\u0131karlar\u0131n\u0131 \u00f6nceler.<\/em><\/li><li><em>Meslek eti\u011fi ve deontolojisine ba\u011fl\u0131 \u00e7al\u0131\u015fmay\u0131 esas al\u0131r.<\/em><\/li><li><em>Eczac\u0131n\u0131n mesle\u011fini gerekti\u011fi gibi icra edecek, bilgi ve refah d\u00fczeyinin gereklili\u011fine inan\u0131r.<\/em><\/li><li><em>\u0130lac\u0131n ara\u015ft\u0131rma geli\u015ftirmesinden ba\u015flayarak \u00fcretilmesi, da\u011f\u0131t\u0131lmas\u0131, hastaya iletilmesi ve etkilerinin takibinden sorumludur.<\/em><\/li><li><em>D\u00fcnya g\u00f6r\u00fc\u015f\u00fc do\u011frultusunda payda\u015flar\u0131 ile birlikte \u00e7al\u0131\u015fmay\u0131 ilke edinir.<\/em><\/li><\/ul>\t\t\t\t\t\t\t\t<\/div>\n\t\t\t\t\t<\/div>\n\t\t\t\t<\/div>\n\t\t<div class=\"elementor-element elementor-element-6ccc7a0 e-flex e-con-boxed wpr-particle-no wpr-jarallax-no wpr-parallax-no wpr-sticky-section-no wpr-equal-height-no e-con e-parent\" data-id=\"6ccc7a0\" data-element_type=\"container\">\n\t\t\t\t\t<div class=\"e-con-inner\">\n\t\t\t\t<div class=\"elementor-element elementor-element-ea5218a elementor-widget elementor-widget-spacer\" data-id=\"ea5218a\" data-element_type=\"widget\" data-widget_type=\"spacer.default\">\n\t\t\t\t\t\t\t<div class=\"elementor-spacer\">\n\t\t\t<div class=\"elementor-spacer-inner\"><\/div>\n\t\t<\/div>\n\t\t\t\t\t\t<\/div>\n\t\t\t\t\t<\/div>\n\t\t\t\t<\/div>\n\t\t\t\t<\/div>\n\t\t","protected":false},"excerpt":{"rendered":"<p>\u015eANLIURFA ECZACI ODASI olarak; Misyonumuz Eczac\u0131n\u0131n sosyal, ekonomik, bilimsel geli\u015fimini sa\u011flamak ve haklar\u0131n\u0131 korumak, akademik tan\u0131ma uygun, eksiksiz eczac\u0131l\u0131k hizmetlerinin verilmesini ger\u00e7ekle\u015ftirmek, toplum \u00e7\u0131karlar\u0131n\u0131 koruyacak politikalar\u0131n olu\u015fturulmas\u0131na katk\u0131 vermektir. Vizyonumuz \u00c7a\u011fda\u015f d\u00fczeyde bir eczac\u0131 profili ile herkesin, etkin, g\u00fcvenli ve kesintisiz sa\u011fl\u0131k hizmetine ula\u015fmas\u0131n\u0131 sa\u011flamakt\u0131r. De\u011ferlerimiz \u015eanl\u0131urfa Eczac\u0131 Odas\u0131, D\u00fcnya bar\u0131\u015f\u0131na, insan haklar\u0131na, evrensel demokrasi ve hukuka, d\u00fcnya kaynaklar\u0131n\u0131n adil payla\u015f\u0131m\u0131na inan\u0131r, k\u00fcresel \u00e7\u00f6z\u00fcmlerin \u00fcretilmesini destekler. \u00c7a\u011fda\u015f, laik, demokratik, sosyal hukuk devletine ve Atat\u00fcrk ilkelerine ba\u011fl\u0131d\u0131r. Sosyal devlet anlay\u0131\u015f\u0131n\u0131 benimser. Ulusal \u00e7\u0131karlar\u0131 g\u00f6zetir. Bilimin \u0131\u015f\u0131\u011f\u0131nda hareket eder. Geli\u015fime a\u00e7\u0131kt\u0131r. Toplumun \u00e7\u0131karlar\u0131n\u0131 \u00f6nceler. Meslek eti\u011fi ve deontolojisine ba\u011fl\u0131 \u00e7al\u0131\u015fmay\u0131 esas al\u0131r. Eczac\u0131n\u0131n mesle\u011fini gerekti\u011fi gibi icra edecek, bilgi ve refah d\u00fczeyinin gereklili\u011fine inan\u0131r. \u0130lac\u0131n ara\u015ft\u0131rma geli\u015ftirmesinden ba\u015flayarak \u00fcretilmesi, da\u011f\u0131t\u0131lmas\u0131, hastaya iletilmesi ve etkilerinin takibinden sorumludur. D\u00fcnya g\u00f6r\u00fc\u015f\u00fc do\u011frultusunda payda\u015flar\u0131 ile birlikte \u00e7al\u0131\u015fmay\u0131 ilke edinir.<\/p>\n","protected":false},"author":1,"featured_media":0,"parent":0,"menu_order":0,"comment_status":"closed","ping_status":"closed","template":"elementor_canvas","meta":{"footnotes":""},"class_list":["post-496","page","type-page","status-publish","hentry"],"yoast_head":"<!-- This site is optimized with the Yoast SEO plugin v27.4 - https:\/\/yoast.com\/product\/yoast-seo-wordpress\/ -->\n<title>Misyonumuz, Vizyonumuz - \u015eanl\u0131urfa Eczac\u0131 Odas\u0131<\/title>\n<meta name=\"robots\" content=\"index, follow, max-snippet:-1, max-image-preview:large, max-video-preview:-1\" \/>\n<link rel=\"canonical\" href=\"https:\/\/urfaeo.kolaysoft.com.tr\/index.php\/misyonumuz-vizyonumuz\/\" \/>\n<meta property=\"og:locale\" content=\"tr_TR\" \/>\n<meta property=\"og:type\" content=\"article\" \/>\n<meta property=\"og:title\" content=\"Misyonumuz, Vizyonumuz - \u015eanl\u0131urfa Eczac\u0131 Odas\u0131\" \/>\n<meta property=\"og:description\" content=\"\u015eANLIURFA ECZACI ODASI olarak; Misyonumuz Eczac\u0131n\u0131n sosyal, ekonomik, bilimsel geli\u015fimini sa\u011flamak ve haklar\u0131n\u0131 korumak, akademik tan\u0131ma uygun, eksiksiz eczac\u0131l\u0131k hizmetlerinin verilmesini ger\u00e7ekle\u015ftirmek, toplum \u00e7\u0131karlar\u0131n\u0131 koruyacak politikalar\u0131n olu\u015fturulmas\u0131na katk\u0131 vermektir. Vizyonumuz \u00c7a\u011fda\u015f d\u00fczeyde bir eczac\u0131 profili ile herkesin, etkin, g\u00fcvenli ve kesintisiz sa\u011fl\u0131k hizmetine ula\u015fmas\u0131n\u0131 sa\u011flamakt\u0131r. De\u011ferlerimiz \u015eanl\u0131urfa Eczac\u0131 Odas\u0131, D\u00fcnya bar\u0131\u015f\u0131na, insan haklar\u0131na, evrensel demokrasi ve hukuka, d\u00fcnya kaynaklar\u0131n\u0131n adil payla\u015f\u0131m\u0131na inan\u0131r, k\u00fcresel \u00e7\u00f6z\u00fcmlerin \u00fcretilmesini destekler. \u00c7a\u011fda\u015f, laik, demokratik, sosyal hukuk devletine ve Atat\u00fcrk ilkelerine ba\u011fl\u0131d\u0131r. Sosyal devlet anlay\u0131\u015f\u0131n\u0131 benimser. Ulusal \u00e7\u0131karlar\u0131 g\u00f6zetir. Bilimin \u0131\u015f\u0131\u011f\u0131nda hareket eder. Geli\u015fime a\u00e7\u0131kt\u0131r. Toplumun \u00e7\u0131karlar\u0131n\u0131 \u00f6nceler. Meslek eti\u011fi ve deontolojisine ba\u011fl\u0131 \u00e7al\u0131\u015fmay\u0131 esas al\u0131r. Eczac\u0131n\u0131n mesle\u011fini gerekti\u011fi gibi icra edecek, bilgi ve refah d\u00fczeyinin gereklili\u011fine inan\u0131r. \u0130lac\u0131n ara\u015ft\u0131rma geli\u015ftirmesinden ba\u015flayarak \u00fcretilmesi, da\u011f\u0131t\u0131lmas\u0131, hastaya iletilmesi ve etkilerinin takibinden sorumludur. D\u00fcnya g\u00f6r\u00fc\u015f\u00fc do\u011frultusunda payda\u015flar\u0131 ile birlikte \u00e7al\u0131\u015fmay\u0131 ilke edinir.\" \/>\n<meta property=\"og:url\" content=\"https:\/\/urfaeo.kolaysoft.com.tr\/index.php\/misyonumuz-vizyonumuz\/\" \/>\n<meta property=\"og:site_name\" content=\"\u015eanl\u0131urfa Eczac\u0131 Odas\u0131\" \/>\n<meta property=\"article:modified_time\" content=\"2025-11-05T08:12:30+00:00\" \/>\n<meta property=\"og:image\" content=\"https:\/\/urfaeo.kolaysoft.com.tr\/wp-content\/uploads\/2025\/09\/gorsel-1024x506.png\" \/>\n<meta name=\"twitter:card\" content=\"summary_large_image\" \/>\n<meta name=\"twitter:label1\" content=\"Tahmini okuma s\u00fcresi\" \/>\n\t<meta name=\"twitter:data1\" content=\"1 dakika\" \/>\n<script type=\"application\/ld+json\" class=\"yoast-schema-graph\">{\"@context\":\"https:\\\/\\\/schema.org\",\"@graph\":[{\"@type\":\"WebPage\",\"@id\":\"https:\\\/\\\/urfaeo.kolaysoft.com.tr\\\/index.php\\\/misyonumuz-vizyonumuz\\\/\",\"url\":\"https:\\\/\\\/urfaeo.kolaysoft.com.tr\\\/index.php\\\/misyonumuz-vizyonumuz\\\/\",\"name\":\"Misyonumuz, Vizyonumuz - \u015eanl\u0131urfa Eczac\u0131 Odas\u0131\",\"isPartOf\":{\"@id\":\"https:\\\/\\\/urfaeo.kolaysoft.com.tr\\\/#website\"},\"primaryImageOfPage\":{\"@id\":\"https:\\\/\\\/urfaeo.kolaysoft.com.tr\\\/index.php\\\/misyonumuz-vizyonumuz\\\/#primaryimage\"},\"image\":{\"@id\":\"https:\\\/\\\/urfaeo.kolaysoft.com.tr\\\/index.php\\\/misyonumuz-vizyonumuz\\\/#primaryimage\"},\"thumbnailUrl\":\"https:\\\/\\\/urfaeo.kolaysoft.com.tr\\\/wp-content\\\/uploads\\\/2025\\\/09\\\/gorsel-1024x506.png\",\"datePublished\":\"2025-09-30T12:13:56+00:00\",\"dateModified\":\"2025-11-05T08:12:30+00:00\",\"breadcrumb\":{\"@id\":\"https:\\\/\\\/urfaeo.kolaysoft.com.tr\\\/index.php\\\/misyonumuz-vizyonumuz\\\/#breadcrumb\"},\"inLanguage\":\"tr\",\"potentialAction\":[{\"@type\":\"ReadAction\",\"target\":[\"https:\\\/\\\/urfaeo.kolaysoft.com.tr\\\/index.php\\\/misyonumuz-vizyonumuz\\\/\"]}]},{\"@type\":\"ImageObject\",\"inLanguage\":\"tr\",\"@id\":\"https:\\\/\\\/urfaeo.kolaysoft.com.tr\\\/index.php\\\/misyonumuz-vizyonumuz\\\/#primaryimage\",\"url\":\"https:\\\/\\\/urfaeo.kolaysoft.com.tr\\\/wp-content\\\/uploads\\\/2025\\\/09\\\/gorsel.png\",\"contentUrl\":\"https:\\\/\\\/urfaeo.kolaysoft.com.tr\\\/wp-content\\\/uploads\\\/2025\\\/09\\\/gorsel.png\",\"width\":1215,\"height\":600},{\"@type\":\"BreadcrumbList\",\"@id\":\"https:\\\/\\\/urfaeo.kolaysoft.com.tr\\\/index.php\\\/misyonumuz-vizyonumuz\\\/#breadcrumb\",\"itemListElement\":[{\"@type\":\"ListItem\",\"position\":1,\"name\":\"Anasayfa\",\"item\":\"https:\\\/\\\/urfaeo.kolaysoft.com.tr\\\/\"},{\"@type\":\"ListItem\",\"position\":2,\"name\":\"Misyonumuz, Vizyonumuz\"}]},{\"@type\":\"WebSite\",\"@id\":\"https:\\\/\\\/urfaeo.kolaysoft.com.tr\\\/#website\",\"url\":\"https:\\\/\\\/urfaeo.kolaysoft.com.tr\\\/\",\"name\":\"\u015eanl\u0131urfa Eczac\u0131 Odas\u0131\",\"description\":\"\",\"publisher\":{\"@id\":\"https:\\\/\\\/urfaeo.kolaysoft.com.tr\\\/#organization\"},\"potentialAction\":[{\"@type\":\"SearchAction\",\"target\":{\"@type\":\"EntryPoint\",\"urlTemplate\":\"https:\\\/\\\/urfaeo.kolaysoft.com.tr\\\/?s={search_term_string}\"},\"query-input\":{\"@type\":\"PropertyValueSpecification\",\"valueRequired\":true,\"valueName\":\"search_term_string\"}}],\"inLanguage\":\"tr\"},{\"@type\":\"Organization\",\"@id\":\"https:\\\/\\\/urfaeo.kolaysoft.com.tr\\\/#organization\",\"name\":\"\u015eanl\u0131urfa Eczac\u0131 Odas\u0131\",\"url\":\"https:\\\/\\\/urfaeo.kolaysoft.com.tr\\\/\",\"logo\":{\"@type\":\"ImageObject\",\"inLanguage\":\"tr\",\"@id\":\"https:\\\/\\\/urfaeo.kolaysoft.com.tr\\\/#\\\/schema\\\/logo\\\/image\\\/\",\"url\":\"https:\\\/\\\/urfaeo.kolaysoft.com.tr\\\/wp-content\\\/uploads\\\/2025\\\/09\\\/22022021211638-19929-73208.png\",\"contentUrl\":\"https:\\\/\\\/urfaeo.kolaysoft.com.tr\\\/wp-content\\\/uploads\\\/2025\\\/09\\\/22022021211638-19929-73208.png\",\"width\":635,\"height\":635,\"caption\":\"\u015eanl\u0131urfa Eczac\u0131 Odas\u0131\"},\"image\":{\"@id\":\"https:\\\/\\\/urfaeo.kolaysoft.com.tr\\\/#\\\/schema\\\/logo\\\/image\\\/\"}}]}<\/script>\n<!-- \/ Yoast SEO plugin. -->","yoast_head_json":{"title":"Misyonumuz, Vizyonumuz - \u015eanl\u0131urfa Eczac\u0131 Odas\u0131","robots":{"index":"index","follow":"follow","max-snippet":"max-snippet:-1","max-image-preview":"max-image-preview:large","max-video-preview":"max-video-preview:-1"},"canonical":"https:\/\/urfaeo.kolaysoft.com.tr\/index.php\/misyonumuz-vizyonumuz\/","og_locale":"tr_TR","og_type":"article","og_title":"Misyonumuz, Vizyonumuz - \u015eanl\u0131urfa Eczac\u0131 Odas\u0131","og_description":"\u015eANLIURFA ECZACI ODASI olarak; Misyonumuz Eczac\u0131n\u0131n sosyal, ekonomik, bilimsel geli\u015fimini sa\u011flamak ve haklar\u0131n\u0131 korumak, akademik tan\u0131ma uygun, eksiksiz eczac\u0131l\u0131k hizmetlerinin verilmesini ger\u00e7ekle\u015ftirmek, toplum \u00e7\u0131karlar\u0131n\u0131 koruyacak politikalar\u0131n olu\u015fturulmas\u0131na katk\u0131 vermektir. Vizyonumuz \u00c7a\u011fda\u015f d\u00fczeyde bir eczac\u0131 profili ile herkesin, etkin, g\u00fcvenli ve kesintisiz sa\u011fl\u0131k hizmetine ula\u015fmas\u0131n\u0131 sa\u011flamakt\u0131r. De\u011ferlerimiz \u015eanl\u0131urfa Eczac\u0131 Odas\u0131, D\u00fcnya bar\u0131\u015f\u0131na, insan haklar\u0131na, evrensel demokrasi ve hukuka, d\u00fcnya kaynaklar\u0131n\u0131n adil payla\u015f\u0131m\u0131na inan\u0131r, k\u00fcresel \u00e7\u00f6z\u00fcmlerin \u00fcretilmesini destekler. \u00c7a\u011fda\u015f, laik, demokratik, sosyal hukuk devletine ve Atat\u00fcrk ilkelerine ba\u011fl\u0131d\u0131r. Sosyal devlet anlay\u0131\u015f\u0131n\u0131 benimser. Ulusal \u00e7\u0131karlar\u0131 g\u00f6zetir. Bilimin \u0131\u015f\u0131\u011f\u0131nda hareket eder. Geli\u015fime a\u00e7\u0131kt\u0131r. Toplumun \u00e7\u0131karlar\u0131n\u0131 \u00f6nceler. Meslek eti\u011fi ve deontolojisine ba\u011fl\u0131 \u00e7al\u0131\u015fmay\u0131 esas al\u0131r. Eczac\u0131n\u0131n mesle\u011fini gerekti\u011fi gibi icra edecek, bilgi ve refah d\u00fczeyinin gereklili\u011fine inan\u0131r. \u0130lac\u0131n ara\u015ft\u0131rma geli\u015ftirmesinden ba\u015flayarak \u00fcretilmesi, da\u011f\u0131t\u0131lmas\u0131, hastaya iletilmesi ve etkilerinin takibinden sorumludur. D\u00fcnya g\u00f6r\u00fc\u015f\u00fc do\u011frultusunda payda\u015flar\u0131 ile birlikte \u00e7al\u0131\u015fmay\u0131 ilke edinir.","og_url":"https:\/\/urfaeo.kolaysoft.com.tr\/index.php\/misyonumuz-vizyonumuz\/","og_site_name":"\u015eanl\u0131urfa Eczac\u0131 Odas\u0131","article_modified_time":"2025-11-05T08:12:30+00:00","og_image":[{"url":"https:\/\/urfaeo.kolaysoft.com.tr\/wp-content\/uploads\/2025\/09\/gorsel-1024x506.png","type":"","width":"","height":""}],"twitter_card":"summary_large_image","twitter_misc":{"Tahmini okuma s\u00fcresi":"1 dakika"},"schema":{"@context":"https:\/\/schema.org","@graph":[{"@type":"WebPage","@id":"https:\/\/urfaeo.kolaysoft.com.tr\/index.php\/misyonumuz-vizyonumuz\/","url":"https:\/\/urfaeo.kolaysoft.com.tr\/index.php\/misyonumuz-vizyonumuz\/","name":"Misyonumuz, Vizyonumuz - \u015eanl\u0131urfa Eczac\u0131 Odas\u0131","isPartOf":{"@id":"https:\/\/urfaeo.kolaysoft.com.tr\/#website"},"primaryImageOfPage":{"@id":"https:\/\/urfaeo.kolaysoft.com.tr\/index.php\/misyonumuz-vizyonumuz\/#primaryimage"},"image":{"@id":"https:\/\/urfaeo.kolaysoft.com.tr\/index.php\/misyonumuz-vizyonumuz\/#primaryimage"},"thumbnailUrl":"https:\/\/urfaeo.kolaysoft.com.tr\/wp-content\/uploads\/2025\/09\/gorsel-1024x506.png","datePublished":"2025-09-30T12:13:56+00:00","dateModified":"2025-11-05T08:12:30+00:00","breadcrumb":{"@id":"https:\/\/urfaeo.kolaysoft.com.tr\/index.php\/misyonumuz-vizyonumuz\/#breadcrumb"},"inLanguage":"tr","potentialAction":[{"@type":"ReadAction","target":["https:\/\/urfaeo.kolaysoft.com.tr\/index.php\/misyonumuz-vizyonumuz\/"]}]},{"@type":"ImageObject","inLanguage":"tr","@id":"https:\/\/urfaeo.kolaysoft.com.tr\/index.php\/misyonumuz-vizyonumuz\/#primaryimage","url":"https:\/\/urfaeo.kolaysoft.com.tr\/wp-content\/uploads\/2025\/09\/gorsel.png","contentUrl":"https:\/\/urfaeo.kolaysoft.com.tr\/wp-content\/uploads\/2025\/09\/gorsel.png","width":1215,"height":600},{"@type":"BreadcrumbList","@id":"https:\/\/urfaeo.kolaysoft.com.tr\/index.php\/misyonumuz-vizyonumuz\/#breadcrumb","itemListElement":[{"@type":"ListItem","position":1,"name":"Anasayfa","item":"https:\/\/urfaeo.kolaysoft.com.tr\/"},{"@type":"ListItem","position":2,"name":"Misyonumuz, Vizyonumuz"}]},{"@type":"WebSite","@id":"https:\/\/urfaeo.kolaysoft.com.tr\/#website","url":"https:\/\/urfaeo.kolaysoft.com.tr\/","name":"\u015eanl\u0131urfa Eczac\u0131 Odas\u0131","description":"","publisher":{"@id":"https:\/\/urfaeo.kolaysoft.com.tr\/#organization"},"potentialAction":[{"@type":"SearchAction","target":{"@type":"EntryPoint","urlTemplate":"https:\/\/urfaeo.kolaysoft.com.tr\/?s={search_term_string}"},"query-input":{"@type":"PropertyValueSpecification","valueRequired":true,"valueName":"search_term_string"}}],"inLanguage":"tr"},{"@type":"Organization","@id":"https:\/\/urfaeo.kolaysoft.com.tr\/#organization","name":"\u015eanl\u0131urfa Eczac\u0131 Odas\u0131","url":"https:\/\/urfaeo.kolaysoft.com.tr\/","logo":{"@type":"ImageObject","inLanguage":"tr","@id":"https:\/\/urfaeo.kolaysoft.com.tr\/#\/schema\/logo\/image\/","url":"https:\/\/urfaeo.kolaysoft.com.tr\/wp-content\/uploads\/2025\/09\/22022021211638-19929-73208.png","contentUrl":"https:\/\/urfaeo.kolaysoft.com.tr\/wp-content\/uploads\/2025\/09\/22022021211638-19929-73208.png","width":635,"height":635,"caption":"\u015eanl\u0131urfa Eczac\u0131 Odas\u0131"},"image":{"@id":"https:\/\/urfaeo.kolaysoft.com.tr\/#\/schema\/logo\/image\/"}}]}},"acf":[],"_links":{"self":[{"href":"https:\/\/urfaeo.kolaysoft.com.tr\/index.php\/wp-json\/wp\/v2\/pages\/496","targetHints":{"allow":["GET"]}}],"collection":[{"href":"https:\/\/urfaeo.kolaysoft.com.tr\/index.php\/wp-json\/wp\/v2\/pages"}],"about":[{"href":"https:\/\/urfaeo.kolaysoft.com.tr\/index.php\/wp-json\/wp\/v2\/types\/page"}],"author":[{"embeddable":true,"href":"https:\/\/urfaeo.kolaysoft.com.tr\/index.php\/wp-json\/wp\/v2\/users\/1"}],"replies":[{"embeddable":true,"href":"https:\/\/urfaeo.kolaysoft.com.tr\/index.php\/wp-json\/wp\/v2\/comments?post=496"}],"version-history":[{"count":19,"href":"https:\/\/urfaeo.kolaysoft.com.tr\/index.php\/wp-json\/wp\/v2\/pages\/496\/revisions"}],"predecessor-version":[{"id":2095,"href":"https:\/\/urfaeo.kolaysoft.com.tr\/index.php\/wp-json\/wp\/v2\/pages\/496\/revisions\/2095"}],"wp:attachment":[{"href":"https:\/\/urfaeo.kolaysoft.com.tr\/index.php\/wp-json\/wp\/v2\/media?parent=496"}],"curies":[{"name":"wp","href":"https:\/\/api.w.org\/{rel}","templated":true}]}}